{"id":94,"date":"2022-05-24T07:35:17","date_gmt":"2022-05-24T07:35:17","guid":{"rendered":"https:\/\/tosokberend.hu\/?page_id=94"},"modified":"2026-01-25T14:03:39","modified_gmt":"2026-01-25T14:03:39","slug":"kultura","status":"publish","type":"page","link":"https:\/\/tosokberend.hu\/?page_id=94","title":{"rendered":"Kult\u00fara, Sz\u00f3rakoz\u00e1s"},"content":{"rendered":"<p><a href=\"https:\/\/tosokberend.hu\/?p=193\">Kult\u00fara Napja 2025.01.23.<\/a><\/p>\n<p><a href=\"https:\/\/tosokberend.hu\/?p=223&amp;preview=true\">Kult\u00fara Napja 2026.01.23.<\/a><\/p>\n","protected":false},"excerpt":{"rendered":"<p>Kult\u00fara Napja 2025.01.23. Kult\u00fara Napja 2026.01.23.<\/p>\n","protected":false},"author":1,"featured_media":0,"parent":0,"menu_order":0,"comment_status":"closed","ping_status":"closed","template":"","meta":{"footnotes":""},"class_list":["post-94","page","type-page","status-publish","hentry"],"_links":{"self":[{"href":"https:\/\/tosokberend.hu\/index.php?rest_route=\/wp\/v2\/pages\/94","targetHints":{"allow":["GET"]}}],"collection":[{"href":"https:\/\/tosokberend.hu\/index.php?rest_route=\/wp\/v2\/pages"}],"about":[{"href":"https:\/\/tosokberend.hu\/index.php?rest_route=\/wp\/v2\/types\/page"}],"author":[{"embeddable":true,"href":"https:\/\/tosokberend.hu\/index.php?rest_route=\/wp\/v2\/users\/1"}],"replies":[{"embeddable":true,"href":"https:\/\/tosokberend.hu\/index.php?rest_route=%2Fwp%2Fv2%2Fcomments&post=94"}],"version-history":[{"count":6,"href":"https:\/\/tosokberend.hu\/index.php?rest_route=\/wp\/v2\/pages\/94\/revisions"}],"predecessor-version":[{"id":228,"href":"https:\/\/tosokberend.hu\/index.php?rest_route=\/wp\/v2\/pages\/94\/revisions\/228"}],"wp:attachment":[{"href":"https:\/\/tosokberend.hu\/index.php?rest_route=%2Fwp%2Fv2%2Fmedia&parent=94"}],"curies":[{"name":"wp","href":"https:\/\/api.w.org\/{rel}","templated":true}]}}